{"id":245,"date":"2021-03-02T01:42:27","date_gmt":"2021-03-02T01:42:27","guid":{"rendered":"http:\/\/eginez.org\/cienporcienmujer\/?page_id=245"},"modified":"2021-03-02T01:43:52","modified_gmt":"2021-03-02T01:43:52","slug":"politica-de-cookies","status":"publish","type":"page","link":"http:\/\/eginez.org\/cienporcienmujer\/politica-de-cookies\/","title":{"rendered":"Pol\u00edtica de Cookies"},"content":{"rendered":"\t\t<div data-elementor-type=\"wp-page\" data-elementor-id=\"245\" class=\"elementor elementor-245\" data-elementor-settings=\"[]\">\n\t\t\t\t\t\t<div class=\"elementor-inner\">\n\t\t\t\t\t\t\t<div class=\"elementor-section-wrap\">\n\t\t\t\t\t\t\t<section class=\"elementor-section elementor-top-section elementor-element elementor-element-1c0a29d elementor-section-boxed elementor-section-height-default elementor-section-height-default\" data-id=\"1c0a29d\" data-element_type=\"section\">\n\t\t\t\t\t\t<div class=\"elementor-container elementor-column-gap-default\">\n\t\t\t\t\t\t\t<div class=\"elementor-row\">\n\t\t\t\t\t<div class=\"elementor-column elementor-col-100 elementor-top-column elementor-element elementor-element-d02636c\" data-id=\"d02636c\" data-element_type=\"column\">\n\t\t\t<div class=\"elementor-column-wrap elementor-element-populated\">\n\t\t\t\t\t\t\t<div class=\"elementor-widget-wrap\">\n\t\t\t\t\t\t<div class=\"elementor-element elementor-element-8dbdc28 elementor-widget elementor-widget-heading\" data-id=\"8dbdc28\" data-element_type=\"widget\" data-widget_type=\"heading.default\">\n\t\t\t\t<div class=\"elementor-widget-container\">\n\t\t\t<h2 class=\"elementor-heading-title elementor-size-default\">Pol\u00edtica de Cookies<\/h2>\t\t<\/div>\n\t\t\t\t<\/div>\n\t\t\t\t<div class=\"elementor-element elementor-element-c3c3433 elementor-widget elementor-widget-text-editor\" data-id=\"c3c3433\" data-element_type=\"widget\" data-widget_type=\"text-editor.default\">\n\t\t\t\t<div class=\"elementor-widget-container\">\n\t\t\t\t\t<div class=\"elementor-text-editor elementor-clearfix\"><p><b>I.- \u00bfQu\u00e9 es una cookie?<\/b><br \/>Una\u00a0cookie\u00a0es un fichero de texto o archivo que se almacena en su navegador cuando visita determinadas p\u00e1ginas web.<br \/>Las cookies permiten que la p\u00e1gina web sea capaz de recordar su visita cuando vuelva a navegar por esa p\u00e1gina; es decir, permiten almacenar y recuperar informaci\u00f3n sobre los h\u00e1bitos de navegaci\u00f3n de un usuario o de su equipo. El objetivo de la\u00a0cookie\u00a0es adaptar el contenido de la web a su perfil y a sus necesidades y permiten mejorar la calidad y seguridad de la p\u00e1gina web.<br \/>Las\u00a0cookies\u00a0suelen almacenar informaci\u00f3n de car\u00e1cter t\u00e9cnico, preferencias personales, personalizaci\u00f3n de contenidos, estad\u00edsticas de uso, enlaces a redes sociales, acceso a cuentas de usuario, etc.<br \/><br \/><b>II.- COOKIES UTILIZADAS EN ESTE SITIO WEB<\/b><\/p><p>Eginaren eginez utiliza cookies para facilitar la navegaci\u00f3n por su web, por motivos de seguridad y para obtener una mayor eficacia y personalizaci\u00f3n de los servicios ofrecidos a los usuarios. Esta informaci\u00f3n se utiliza para mejorar nuestra p\u00e1gina, detectar nuevas necesidades y valorar las mejoras a introducir con la finalidad de prestar un mejor servicio a los usuarios. \u00a0\u00a0\u00a0 \u00bfQu\u00e9 tipo de datos obtiene eginaren eginez?<\/p><p>La informaci\u00f3n que obtiene Eginaren eginez est\u00e1 relacionada con el n\u00famero de p\u00e1ginas visitadas, el idioma, red social en la que se publican nuestras noticias, la ciudad a la que est\u00e1 asignada la direcci\u00f3n IP desde la que accedes, el n\u00famero de nuevos usuarios, la frecuencia y reincidencia de las visitas, el tiempo de visita, el navegador y el operador o tipo de terminal desde el que se realiza la visita.<\/p><p>Eginaren eginez no obtiene datos sobre tu nombre o apellidos, ni de la direcci\u00f3n postal desde donde te conectas.<\/p><p><strong>\u00bfQu\u00e9 tipo de cookies existen?<\/strong><\/p><ul><li>Cookies t\u00e9cnicas: Son las m\u00e1s elementales y permiten, entre otras cosas, saber cu\u00e1ndo est\u00e1 navegando un humano o una aplicaci\u00f3n automatizada, cu\u00e1ndo navega un usuario an\u00f3nimo y uno registrado, tareas b\u00e1sicas para el funcionamiento de cualquier web din\u00e1mica.<\/li><li>Cookies de an\u00e1lisis: Recogen informaci\u00f3n sobre el tipo de navegaci\u00f3n que est\u00e1 realizando, las secciones que m\u00e1s utiliza, productos consultados, franja horaria de uso, idioma, etc.<\/li><li>Cookies publicitarias: Muestran publicidad en funci\u00f3n de su navegaci\u00f3n, su pa\u00eds de procedencia, idioma, etc.<\/li><\/ul><p><strong>\u00bfQu\u00e9 tipo de cookies se utilizan por este sitio web?<\/strong><\/p><p>Siguiendo las directrices de la Agencia Espa\u00f1ola de Protecci\u00f3n de Datos (AEPD) procedemos a detallar el uso de cookies que hace esta web con el fin de informarle con la m\u00e1xima exactitud posible.<\/p><p>Este sitio web utiliza las siguientes cookies propias:<\/p><ul><li>Cookies de sesi\u00f3n: aquellas imprescindibles y estrictamente necesarias para el correcto funcionamiento de un portal Web y la utilizaci\u00f3n de las diferentes opciones y servicios que ofrece. Recaban datos mientras el usuario navega por la red con la finalidad de prestar el servicio solicitado. Son cookies temporales que no se almacenan en el dispositivo del usuario, sino que desaparecen cuando finaliza la sesi\u00f3n.<br \/><br \/>Nombre:<br \/>PHPSESSID<br \/>Tipo: Cookie propias<br \/>Duraci\u00f3n: Sesi\u00f3n<br \/>Prop\u00f3sito de la cookie: Esta cookie es usado por el lenguaje de encriptado PHP para permitir que las variables de SESI\u00d3N sean guardadas en el servidor web. Esta cookie es esencial para el funcionamiento de la web. \u2013 Cookies de personalizaci\u00f3n: Estas cookies permiten al usuario especificar o personalizar algunas caracter\u00edsticas de las opciones generales de la p\u00e1gina Web, Por ejemplo, definir el idioma, configuraci\u00f3n regional o tipo de navegador.<br \/><br \/>Nombre: idioma<br \/>Tipo: Cookie propias de personalizaci\u00f3n<br \/>Duraci\u00f3n: Persistente<br \/>Prop\u00f3sito: Esta cookie permite al usuario determinar el idioma en el que quiere ver la p\u00e1gina web.<\/li><\/ul><p>Este sitio web utiliza las siguientes cookies de terceros:<\/p><ul><li>No se utilizan cookies de terceros.<\/li><\/ul><p>Nuestros sitios tambi\u00e9n pueden tener enlaces de redes sociales (como facebook o twitter). Eginaren eginez no controla las cookies utilizadas por estas p\u00e1ginas web externas. Para m\u00e1s informaci\u00f3n sobre las cookies de las redes sociales u otras webs ajenas, se recomienda revisar sus propias pol\u00edticas de cookies.<br \/><br \/><b>III.- DESACTIVACI\u00d3N, BLOQUEO O ELIMINACI\u00d3N DE COOKIES<\/b><\/p><p>Para cumplir con la legislaci\u00f3n vigente, tenemos que pedir su permiso para gestionar cookies. Si decide no autorizar el tratamiento indic\u00e1ndonos su no conformidad, s\u00f3lo usar\u00edamos las cookies t\u00e9cnicas, puesto que son imprescindibles para la navegaci\u00f3n por nuestra Web. En este caso, no almacenar\u00edamos ninguna cookie. Tenga en cuenta que, si rechaza o borra las cookies de navegaci\u00f3n por la Web, no podremos mantener sus preferencias, algunas caracter\u00edsticas de las p\u00e1ginas no estar\u00e1n operativas, no podremos ofrecerle servicios personalizados y cada vez que vaya a navegar por nuestra Web tendremos que solicitarle de nuevo su autorizaci\u00f3n para el uso de cookies.<br \/>En cualquier momento podr\u00e1 ejercer su derecho de desactivaci\u00f3n o eliminaci\u00f3n de cookies de este sitio web, mediante la modificaci\u00f3n de los par\u00e1metros de configuraci\u00f3n de su navegador. Estas acciones se realizan de forma diferente en funci\u00f3n del navegador que est\u00e9 usando.<br \/>A continuaci\u00f3n, le proporcionamos los enlaces de diversos navegadores, a trav\u00e9s de los cuales podr\u00e1 realizar dicha configuraci\u00f3n:<\/p><ul><li><a href=\"http:\/\/support.google.com\/chrome\/bin\/answer.py?hl=es&amp;answer=95647\" target=\"_blank\" rel=\"noopener noreferrer\">Chrome<\/a><\/li><li><a href=\"http:\/\/windows.microsoft.com\/es-es\/windows7\/how-to-manage-cookies-in-internet-explorer-9\" target=\"_blank\" rel=\"noopener noreferrer\">Explorer<\/a><\/li><li><a href=\"http:\/\/support.mozilla.org\/es\/kb\/habilitar-y-deshabilitar-cookies-que-los-sitios-we\" target=\"_blank\" rel=\"noopener noreferrer\">Firefox<\/a><\/li><li><a href=\"http:\/\/support.apple.com\/kb\/ph5042\" target=\"_blank\" rel=\"noopener noreferrer\">Safari<\/a><\/li><\/ul><p>Hay que tener en cuenta que las cookies poseen una fecha de caducidad, que puede oscilar desde el tiempo que dure la sesi\u00f3n hasta una fecha futura a partir de la cual dejan de ser operativas.<br \/><br \/><b>IV.- NOTAS ADICIONALES<\/b><\/p><p>Ni esta web ni sus representantes legales se hacen responsables ni del contenido ni de la veracidad de las pol\u00edticas de privacidad que puedan tener los terceros mencionados en esta pol\u00edtica de\u00a0cookies.Los navegadores web son las herramientas encargadas de almacenar las\u00a0cookies\u00a0y desde este lugar debe efectuar su derecho a eliminaci\u00f3n o desactivaci\u00f3n de las mismas. Ni esta web ni sus representantes legales pueden garantizar la correcta o incorrecta manipulaci\u00f3n de las\u00a0cookies\u00a0por parte de los mencionados navegadores.<br \/>En algunos casos es necesario instalar\u00a0cookies\u00a0para que el navegador no olvide su decisi\u00f3n de no aceptaci\u00f3n de las mismas.<br \/>Para cualquier duda o consulta acerca de esta pol\u00edtica de\u00a0cookies\u00a0no dude en comunicarse con nosotros a trav\u00e9s de la secci\u00f3n de contacto.<\/p><\/div>\n\t\t\t\t<\/div>\n\t\t\t\t<\/div>\n\t\t\t\t\t\t<\/div>\n\t\t\t\t\t<\/div>\n\t\t<\/div>\n\t\t\t\t\t\t\t\t<\/div>\n\t\t\t\t\t<\/div>\n\t\t<\/section>\n\t\t\t\t\t\t<\/div>\n\t\t\t\t\t\t<\/div>\n\t\t\t\t\t<\/div>\n\t\t","protected":false},"excerpt":{"rendered":"<p>Pol\u00edtica de Cookies I.- \u00bfQu\u00e9 es una cookie?Una\u00a0cookie\u00a0es un fichero de texto o archivo que se almacena en su navegador cuando visita determinadas p\u00e1ginas web.Las cookies permiten que la p\u00e1gina web sea capaz de recordar su visita cuando vuelva a navegar por esa p\u00e1gina; es decir, permiten almacenar y recuperar informaci\u00f3n sobre los h\u00e1bitos de [&hellip;]<\/p>\n","protected":false},"author":3,"featured_media":0,"parent":0,"menu_order":0,"comment_status":"closed","ping_status":"closed","template":"","meta":{"footnotes":""},"class_list":["post-245","page","type-page","status-publish","hentry"],"_links":{"self":[{"href":"http:\/\/eginez.org\/cienporcienmujer\/wp-json\/wp\/v2\/pages\/245","targetHints":{"allow":["GET"]}}],"collection":[{"href":"http:\/\/eginez.org\/cienporcienmujer\/wp-json\/wp\/v2\/pages"}],"about":[{"href":"http:\/\/eginez.org\/cienporcienmujer\/wp-json\/wp\/v2\/types\/page"}],"author":[{"embeddable":true,"href":"http:\/\/eginez.org\/cienporcienmujer\/wp-json\/wp\/v2\/users\/3"}],"replies":[{"embeddable":true,"href":"http:\/\/eginez.org\/cienporcienmujer\/wp-json\/wp\/v2\/comments?post=245"}],"version-history":[{"count":7,"href":"http:\/\/eginez.org\/cienporcienmujer\/wp-json\/wp\/v2\/pages\/245\/revisions"}],"predecessor-version":[{"id":252,"href":"http:\/\/eginez.org\/cienporcienmujer\/wp-json\/wp\/v2\/pages\/245\/revisions\/252"}],"wp:attachment":[{"href":"http:\/\/eginez.org\/cienporcienmujer\/wp-json\/wp\/v2\/media?parent=245"}],"curies":[{"name":"wp","href":"https:\/\/api.w.org\/{rel}","templated":true}]}}