{"id":240,"date":"2021-03-02T01:41:19","date_gmt":"2021-03-02T01:41:19","guid":{"rendered":"http:\/\/eginez.org\/cienporcienmujer\/?page_id=240"},"modified":"2021-03-02T01:41:59","modified_gmt":"2021-03-02T01:41:59","slug":"politica-de-privacidad","status":"publish","type":"page","link":"http:\/\/eginez.org\/cienporcienmujer\/politica-de-privacidad\/","title":{"rendered":"Pol\u00edtica de Privacidad"},"content":{"rendered":"\t\t<div data-elementor-type=\"wp-page\" data-elementor-id=\"240\" class=\"elementor elementor-240\" data-elementor-settings=\"[]\">\n\t\t\t\t\t\t<div class=\"elementor-inner\">\n\t\t\t\t\t\t\t<div class=\"elementor-section-wrap\">\n\t\t\t\t\t\t\t<section class=\"elementor-section elementor-top-section elementor-element elementor-element-08dad18 elementor-section-boxed elementor-section-height-default elementor-section-height-default\" data-id=\"08dad18\" data-element_type=\"section\">\n\t\t\t\t\t\t<div class=\"elementor-container elementor-column-gap-default\">\n\t\t\t\t\t\t\t<div class=\"elementor-row\">\n\t\t\t\t\t<div class=\"elementor-column elementor-col-100 elementor-top-column elementor-element elementor-element-47141f5\" data-id=\"47141f5\" data-element_type=\"column\">\n\t\t\t<div class=\"elementor-column-wrap elementor-element-populated\">\n\t\t\t\t\t\t\t<div class=\"elementor-widget-wrap\">\n\t\t\t\t\t\t<div class=\"elementor-element elementor-element-58bfe62 elementor-widget elementor-widget-heading\" data-id=\"58bfe62\" data-element_type=\"widget\" data-widget_type=\"heading.default\">\n\t\t\t\t<div class=\"elementor-widget-container\">\n\t\t\t<h2 class=\"elementor-heading-title elementor-size-default\">Pol\u00edtica de Privacidad<\/h2>\t\t<\/div>\n\t\t\t\t<\/div>\n\t\t\t\t<div class=\"elementor-element elementor-element-40599ab elementor-widget elementor-widget-text-editor\" data-id=\"40599ab\" data-element_type=\"widget\" data-widget_type=\"text-editor.default\">\n\t\t\t\t<div class=\"elementor-widget-container\">\n\t\t\t\t\t<div class=\"elementor-text-editor elementor-clearfix\"><p>La presente pol\u00edtica de privacidad (la \u201cPol\u00edtica de privacidad\u201d) describe y explica el marco en el que Eginaren Eginez Asociaci\u00f3n de Personas con Discapacidad F\u00edsica de \u00c1lava \u2013 Arabako Ezintasun Daukaten Pertsonen Elkartea (en adelante, Eginaren Eginez) recoge y trata los datos de toda persona f\u00edsica, o jur\u00eddica, (en adelante, el \u201cUsuario\u201d) a la que se le prestan los servicios de asesoramiento, bajo la finalidad de proteger y respetar la privacidad de todos ellos. Esta Pol\u00edtica de Privacidad es aplicable a todos los datos de car\u00e1cter personal recabados y\/o tratados por Eginaren Eginez.<br \/>Eginaren Eginez recoge y trata los datos de car\u00e1cter personal que el Usuario pone a su disposici\u00f3n para la prestaci\u00f3n de los servicios solicitados, siendo estos imprescindibles para el registro y prestaci\u00f3n de los mismos. Al respecto, el Usuario reconoce y acepta que la no cumplimentaci\u00f3n de ciertos datos de car\u00e1cter personal impedir\u00e1 a Eginaren Eginez prestar todos aquellos servicios vinculados a tales datos.<br \/><br \/><b>Responsable del tratamiento<\/b><br \/>El Responsable de todos los datos de car\u00e1cter personal tratados como consecuencia del uso o la contrataci\u00f3n de los servicios que presta Eginaren Eginez es la propia Asociaci\u00f3n, con CIF n\u00ba G-01027275, domicilio en Vitoria-Gasteiz, Plaza Sim\u00f3n Bol\u00edvar n\u00ba 9, Bajo, CP 01003; tel\u00e9fono de contacto 945 22 55 16 y direcci\u00f3n de correo electr\u00f3nico: info@eginez.org<br \/><br \/><b>Finalidad del tratamiento<\/b><br \/>El tratamiento de datos realizado por Eginaren Eginez tiene naturaleza asociativa y consistir\u00e1 en el asesoramiento, defensa y\/o gesti\u00f3n de los intereses del asociado. Eginaren Eginez tratar\u00e1 la informaci\u00f3n proporcionada por el Usuario con las siguientes finalidades:<br \/><br \/>\u2013 Gesti\u00f3n de contactos.<br \/>\u2013 Gesti\u00f3n y tramitaci\u00f3n de cualquier tipo de consulta, solicitud, sugerencia, reclamaci\u00f3n, queja o petici\u00f3n de informaci\u00f3n sobre nuestros servicios profesionales realizadas por los Usuarios.<br \/>\u2013 Env\u00edo de informaci\u00f3n de las actividades o formaci\u00f3n que se realizan y las que se consideren de inter\u00e9s para el colectivo de asociados.<br \/>\u2013 Proporcionar informes, noticias y estudios relacionados con la actualidad y la actividad de Eginaren Eginez, v\u00eda correo electr\u00f3nico.<br \/><br \/>Igualmente, se tratar\u00e1n los datos con la finalidad de administraci\u00f3n y custodia de documentos y gesti\u00f3n jur\u00eddico-contable.<br \/><br \/><b>Legitimaci\u00f3n del tratamiento<\/b><br \/><br \/>La base legal para el tratamiento de los datos facilitados por el Usuario como consecuencia de la relaci\u00f3n de prestaci\u00f3n de servicios se fundamenta en el consentimiento prestado por el Usuario para la tramitaci\u00f3n y gesti\u00f3n de cualquier solicitud de informaci\u00f3n o consulta sobre nuestros servicios, as\u00ed como para el env\u00edo de comunicaciones sobre las actividades, formaci\u00f3n, estudios o similares organizados por Eginaren Eginez.<br \/><br \/><b>Comunicaci\u00f3n de datos y destinatarios<\/b><br \/>Como norma general, Eginaren Eginez no vende, intercambia ni transfiere a terceros datos personales recopilados y\/o tratados en el ejercicio de la prestaci\u00f3n de sus servicios de asesoramiento.<br \/>No obstante, se indica que una \u00f3ptima prestaci\u00f3n del servicio puede requerir que terceros prestadores de servicios accedan a los datos personales recogidos y tratados por este, como puede ser el caso de abogados u otros intervinientes en las actuaciones necesarias para dar respuesta a las consultas y solicitudes planteadas por el Usuario.<br \/>En este contexto, ser\u00e1n destinatarios de los datos recogidos y tratados por Eginaren Eginez todos los profesionales cuya intervenci\u00f3n est\u00e9 relacionada y pueda ser necesaria para la prestaci\u00f3n del servicio de asesoramiento.\u00a0<br \/><br \/><b>Conservaci\u00f3n de los datos<\/b><br \/>Los datos de car\u00e1cter personal recabados y\/o tratados por ser\u00e1n conservados durante el tiempo que sea necesario para cumplir con los fines para los que fueron recabados.<br \/>Derechos<br \/><br \/>Los interesados podr\u00e1n ejercitar en cualquier momento los derechos de acceso, rectificaci\u00f3n portabilidad, limitaci\u00f3n del tratamiento, supresi\u00f3n, oposici\u00f3n, revocaci\u00f3n y reclamaci\u00f3n mediante solicitud escrita, firmada y adjuntando copia del DNI en la siguiente direcci\u00f3n, Plaza Sim\u00f3n Bol\u00edvar n\u00ba 9, Bajo, Vitoria-Gasteiz; CP 01003.<\/p><\/div>\n\t\t\t\t<\/div>\n\t\t\t\t<\/div>\n\t\t\t\t\t\t<\/div>\n\t\t\t\t\t<\/div>\n\t\t<\/div>\n\t\t\t\t\t\t\t\t<\/div>\n\t\t\t\t\t<\/div>\n\t\t<\/section>\n\t\t\t\t\t\t<\/div>\n\t\t\t\t\t\t<\/div>\n\t\t\t\t\t<\/div>\n\t\t","protected":false},"excerpt":{"rendered":"<p>Pol\u00edtica de Privacidad La presente pol\u00edtica de privacidad (la \u201cPol\u00edtica de privacidad\u201d) describe y explica el marco en el que Eginaren Eginez Asociaci\u00f3n de Personas con Discapacidad F\u00edsica de \u00c1lava \u2013 Arabako Ezintasun Daukaten Pertsonen Elkartea (en adelante, Eginaren Eginez) recoge y trata los datos de toda persona f\u00edsica, o jur\u00eddica, (en adelante, el \u201cUsuario\u201d) [&hellip;]<\/p>\n","protected":false},"author":3,"featured_media":0,"parent":0,"menu_order":0,"comment_status":"closed","ping_status":"closed","template":"","meta":{"footnotes":""},"class_list":["post-240","page","type-page","status-publish","hentry"],"_links":{"self":[{"href":"http:\/\/eginez.org\/cienporcienmujer\/wp-json\/wp\/v2\/pages\/240","targetHints":{"allow":["GET"]}}],"collection":[{"href":"http:\/\/eginez.org\/cienporcienmujer\/wp-json\/wp\/v2\/pages"}],"about":[{"href":"http:\/\/eginez.org\/cienporcienmujer\/wp-json\/wp\/v2\/types\/page"}],"author":[{"embeddable":true,"href":"http:\/\/eginez.org\/cienporcienmujer\/wp-json\/wp\/v2\/users\/3"}],"replies":[{"embeddable":true,"href":"http:\/\/eginez.org\/cienporcienmujer\/wp-json\/wp\/v2\/comments?post=240"}],"version-history":[{"count":4,"href":"http:\/\/eginez.org\/cienporcienmujer\/wp-json\/wp\/v2\/pages\/240\/revisions"}],"predecessor-version":[{"id":244,"href":"http:\/\/eginez.org\/cienporcienmujer\/wp-json\/wp\/v2\/pages\/240\/revisions\/244"}],"wp:attachment":[{"href":"http:\/\/eginez.org\/cienporcienmujer\/wp-json\/wp\/v2\/media?parent=240"}],"curies":[{"name":"wp","href":"https:\/\/api.w.org\/{rel}","templated":true}]}}