{"id":235,"date":"2021-03-02T01:39:02","date_gmt":"2021-03-02T01:39:02","guid":{"rendered":"http:\/\/eginez.org\/cienporcienmujer\/?page_id=235"},"modified":"2021-03-02T01:40:24","modified_gmt":"2021-03-02T01:40:24","slug":"aviso-legal","status":"publish","type":"page","link":"http:\/\/eginez.org\/cienporcienmujer\/aviso-legal\/","title":{"rendered":"Aviso Legal"},"content":{"rendered":"\t\t<div data-elementor-type=\"wp-page\" data-elementor-id=\"235\" class=\"elementor elementor-235\" data-elementor-settings=\"[]\">\n\t\t\t\t\t\t<div class=\"elementor-inner\">\n\t\t\t\t\t\t\t<div class=\"elementor-section-wrap\">\n\t\t\t\t\t\t\t<section class=\"elementor-section elementor-top-section elementor-element elementor-element-569cf68 elementor-section-boxed elementor-section-height-default elementor-section-height-default\" data-id=\"569cf68\" data-element_type=\"section\">\n\t\t\t\t\t\t<div class=\"elementor-container elementor-column-gap-default\">\n\t\t\t\t\t\t\t<div class=\"elementor-row\">\n\t\t\t\t\t<div class=\"elementor-column elementor-col-100 elementor-top-column elementor-element elementor-element-a02e4bc\" data-id=\"a02e4bc\" data-element_type=\"column\">\n\t\t\t<div class=\"elementor-column-wrap elementor-element-populated\">\n\t\t\t\t\t\t\t<div class=\"elementor-widget-wrap\">\n\t\t\t\t\t\t<div class=\"elementor-element elementor-element-5213a94 elementor-widget elementor-widget-heading\" data-id=\"5213a94\" data-element_type=\"widget\" data-widget_type=\"heading.default\">\n\t\t\t\t<div class=\"elementor-widget-container\">\n\t\t\t<h2 class=\"elementor-heading-title elementor-size-default\">Aviso Legal<\/h2>\t\t<\/div>\n\t\t\t\t<\/div>\n\t\t\t\t<div class=\"elementor-element elementor-element-a6970ca elementor-widget elementor-widget-text-editor\" data-id=\"a6970ca\" data-element_type=\"widget\" data-widget_type=\"text-editor.default\">\n\t\t\t\t<div class=\"elementor-widget-container\">\n\t\t\t\t\t<div class=\"elementor-text-editor elementor-clearfix\"><p><b>I.- TITULAR DE LA WEB Y DATOS DE CONTACTO<\/b><\/p><p>www.eginez.org es un dominio en Internet titularidad de Eginaren Eginez Asociaci\u00f3n de Personas con Discapacidad F\u00edsica de \u00c1lava \u2013 Arabako Ezintasun Daukaten Pertsonen Elkartea (en adelante, Eginaren Eginez) con NIF G-01027275 y domicilio en Vitoria-Gasteiz, Plaza Sim\u00f3n Bol\u00edvar n\u00ba 9, Bajo, CP 01003Esta web tiene como finalizar dar a conocer nuestras actividades.<br \/>Puede ponerse en contacto con nosotros por los siguientes medios:<br \/>\u2013 Por escrito: Vitoria-Gasteiz, Plaza Sim\u00f3n Bol\u00edvar n\u00ba 9, Bajo, CP 01003<br \/>\u2013 Por tel\u00e9fono: 945 22 55 16<br \/>\u2013 Por correo electr\u00f3nico: info@eginez.org<\/p><p><b>II.- CONDICIONES DE USO DE LA WEB<\/b><br \/>Las presentes condiciones de uso regulan el acceso a esta web por parte de los socios y socias de\u00a0Eginaren Eginez y dem\u00e1s usuarios de Internet. El acceso y\/o uso de este portal le atribuye la condici\u00f3n de Usuario, que acepta, desde dicho acceso y\/o uso, las Condiciones Generales aqu\u00ed reflejadas.Eginaren Eginez se reserva el derecho unilateral de modificar las presentes condiciones de acceso a la web, as\u00ed como los contenidos en ella incluidos.<\/p><p><b>III.- LIMITACI\u00d3N Y EXCLUSI\u00d3N DE RESPONSABILIDAD<\/b><\/p><p>El contenido de esta web es de car\u00e1cter general y tiene una finalidad y efectos exclusivamente informativos.\u00a0Eginaren Eginez no es responsable de la informaci\u00f3n que no sea elaborada por ella misma o publicada en su nombre sin autorizaci\u00f3n, as\u00ed como el mal uso de los contenidos por terceros.El usuario exonera a\u00a0Eginaren Eginez de cualquier responsabilidad que pudiera derivarse de las interrupciones de disponibilidad de la p\u00e1gina web, ya sea por mal funcionamiento del servidor web o de aplicaciones, de las infraestructuras de comunicaciones, o del software y hardware utilizados para la navegaci\u00f3n.En lo referente a los enlaces o links que pueden conducir al usuario a otros sitios y p\u00e1ginas web gestionados por terceros: Eginaren Eginez no es responsable de problemas relacionados con el acceso o utilizaci\u00f3n de dichos enlaces, ni responde ni de los contenidos ni del estado de dichos sitios y p\u00e1ginas web. Eginaren Eginez no asumir\u00e1 responsabilidad alguna por los contenidos de alg\u00fan enlace perteneciente a un sitio web ajeno, ni garantizar\u00e1 la disponibilidad t\u00e9cnica, calidad, fiabilidad, exactitud, amplitud, veracidad, validez y constitucionalidad de cualquier material o informaci\u00f3n contenida en ninguno de dichos enlaces.\u00a0<\/p><p><strong>IV.- RESPONSABILIDAD DE LOS CONTENIDOS<\/strong><\/p><p>Eginaren Eginez no se hace responsable de los comentarios realizados por terceros en su portal. En el caso de detectar comentarios que pudieran ser ofensivos o inapropiados,\u00a0Eginaren Eginez se reserva el derecho a eliminarlos lo m\u00e1s r\u00e1pidamente posible una vez detectados.Eginaren Eginez se exime de cualquier tipo de responsabilidad derivada de la informaci\u00f3n publicada en su sitio web, siempre que esta informaci\u00f3n haya sido manipulada o introducida por un tercero ajeno al mismo.<b><\/b><\/p><p>V.- PROTECCI\u00d3N DE DATOS PERSONALES<\/p><p>La utilizaci\u00f3n de esta web y de sus formularios requiere la aceptaci\u00f3n del tratamiento de los datos del usuario conforme a nuestra POL\u00cdTICA DE PRIVACIDAD, incluyendo la recopilaci\u00f3n de datos de acceso y el env\u00edo de informaci\u00f3n comercial por v\u00eda electr\u00f3nica.El Usuario asume la responsabilidad del uso de la web. Esta responsabilidad se extiende al registro que, en su caso, fuese necesario para acceder a determinados servicios o contenidos. Los Usuarios que aporten sus datos cumplimentando los formularios dan su consentimiento de modo expreso e inequ\u00edvoco para los siguientes fines:Gesti\u00f3n de contactos\u00a0Gesti\u00f3n y tramitaci\u00f3n de cualquier tipo de consulta, solicitud, sugerencia, reclamaci\u00f3n, queja o petici\u00f3n de informaci\u00f3n sobre nuestros servicios profesionales realizadas por los Usuarios.\u00a0Env\u00edo de informaci\u00f3n de las actividades o formaci\u00f3n que se realizan y las que se consideren de inter\u00e9s para el colectivo de asociados.<br \/>Proporcionar informes, noticias y estudios relacionados con la actualidad y la actividad de Eginaren Eginez, v\u00eda correo electr\u00f3nico.<br \/>Lea detenidamente nuestra POL\u00cdTICA DE PRIVACIDAD para conocer c\u00f3mo utilizamos los datos de los usuarios y c\u00f3mo ejercer los derechos contemplados en la normativa aplicable en protecci\u00f3n de datos de car\u00e1cter personal.<b><\/b><\/p><p>VI.- DERECHOS DE PROPIEDAD INDUSTRIAL E INTELECTUALEl<\/p><p>Usuario reconoce y acepta que todos los derechos de propiedad industrial e intelectual sobre los contenidos y cualesquiera otros elementos insertados en el Sitio Web pertenecen a Eginaren Eginez. El Usuario, \u00fanica y exclusivamente, puede utilizar el material que aparezca en este sitio web para su uso personal y privado, quedando prohibido su uso con fines comerciales o para incurrir en actividades il\u00edcitas. Todos los derechos derivados de la propiedad intelectual est\u00e1n expresamente reservados por Eginaren Eginez.<\/p><p><b>VI.- RESOLUCI\u00d3N DE CONFLICTOS Y LEGISLACI\u00d3N APLICABLE<\/b><\/p><p>En caso de conflicto y no se haya llegado a soluci\u00f3n amistosa, se someter\u00e1 la controversia que pueda suscitarse al procedimiento de arbitraje en Derecho y la legislaci\u00f3n aplicable ser\u00e1 la espa\u00f1ola.<\/p><\/div>\n\t\t\t\t<\/div>\n\t\t\t\t<\/div>\n\t\t\t\t\t\t<\/div>\n\t\t\t\t\t<\/div>\n\t\t<\/div>\n\t\t\t\t\t\t\t\t<\/div>\n\t\t\t\t\t<\/div>\n\t\t<\/section>\n\t\t\t\t\t\t<\/div>\n\t\t\t\t\t\t<\/div>\n\t\t\t\t\t<\/div>\n\t\t","protected":false},"excerpt":{"rendered":"<p>Aviso Legal I.- TITULAR DE LA WEB Y DATOS DE CONTACTO www.eginez.org es un dominio en Internet titularidad de Eginaren Eginez Asociaci\u00f3n de Personas con Discapacidad F\u00edsica de \u00c1lava \u2013 Arabako Ezintasun Daukaten Pertsonen Elkartea (en adelante, Eginaren Eginez) con NIF G-01027275 y domicilio en Vitoria-Gasteiz, Plaza Sim\u00f3n Bol\u00edvar n\u00ba 9, Bajo, CP 01003Esta web [&hellip;]<\/p>\n","protected":false},"author":3,"featured_media":0,"parent":0,"menu_order":0,"comment_status":"closed","ping_status":"closed","template":"","meta":{"footnotes":""},"class_list":["post-235","page","type-page","status-publish","hentry"],"_links":{"self":[{"href":"http:\/\/eginez.org\/cienporcienmujer\/wp-json\/wp\/v2\/pages\/235","targetHints":{"allow":["GET"]}}],"collection":[{"href":"http:\/\/eginez.org\/cienporcienmujer\/wp-json\/wp\/v2\/pages"}],"about":[{"href":"http:\/\/eginez.org\/cienporcienmujer\/wp-json\/wp\/v2\/types\/page"}],"author":[{"embeddable":true,"href":"http:\/\/eginez.org\/cienporcienmujer\/wp-json\/wp\/v2\/users\/3"}],"replies":[{"embeddable":true,"href":"http:\/\/eginez.org\/cienporcienmujer\/wp-json\/wp\/v2\/comments?post=235"}],"version-history":[{"count":4,"href":"http:\/\/eginez.org\/cienporcienmujer\/wp-json\/wp\/v2\/pages\/235\/revisions"}],"predecessor-version":[{"id":239,"href":"http:\/\/eginez.org\/cienporcienmujer\/wp-json\/wp\/v2\/pages\/235\/revisions\/239"}],"wp:attachment":[{"href":"http:\/\/eginez.org\/cienporcienmujer\/wp-json\/wp\/v2\/media?parent=235"}],"curies":[{"name":"wp","href":"https:\/\/api.w.org\/{rel}","templated":true}]}}